{"id":19,"date":"2017-12-09T15:37:50","date_gmt":"2017-12-09T15:37:50","guid":{"rendered":"https:\/\/fixxions.com\/?page_id=19"},"modified":"2021-06-28T12:11:06","modified_gmt":"2021-06-28T12:11:06","slug":"videos","status":"publish","type":"page","link":"https:\/\/fixxions.com\/","title":{"rendered":""},"content":{"rendered":"\n<figure class=\"wp-block-embed-youtube wp-block-embed is-type-video is-provider-youtube wp-embed-aspect-16-9 wp-has-aspect-ratio\"><div class=\"wp-block-embed__wrapper\">\n<div class=\"jetpack-video-wrapper\"><span class=\"embed-youtube\" style=\"text-align:center; display: block;\"><iframe class='youtube-player' type='text\/html' width='756' height='456' src='https:\/\/www.youtube.com\/embed\/wSw8JnHunEA?version=3&#038;rel=1&#038;fs=1&#038;autohide=2&#038;showsearch=0&#038;showinfo=1&#038;iv_load_policy=1&#038;wmode=transparent' allowfullscreen='true' style='border:0;'><\/iframe><\/span><\/div>\n<\/div><\/figure>\n\n\n\n<figure class=\"wp-block-pullquote\"><blockquote><p>J&rsquo;ai bien observ\u00e9 comment cela se passait<\/p><p>Quand le soleil est couch\u00e9<\/p><p>C&rsquo;est la mer qui s&rsquo;assombrit<\/p><p>Le ciel conserve encore longtemps une grande clart\u00e9<\/p><p>La nuit monte de l&rsquo;eau et encercle lentement tout l&rsquo;horizon<\/p><p>Puis le ciel s&rsquo;assombrit \u00e0 son tour avec lenteur<\/p><p>Il y a un moment o\u00f9 il fait tout noir<\/p><p>Puis le noir de l&rsquo;eau et le noir du ciel reculent&#8230;<\/p><cite><strong>\u00ab\u00a0la nuit monte\u00a0\u00bb (extrait) Blaise Cendrars <\/strong><br><em><sup><sub>DROITS DE REPRODUCTION ET DE DIFFUSION R\u00c9SERV\u00c9S<\/sub><\/sup><\/em><\/cite><\/blockquote><\/figure>\n\n\n\n<div class=\"wp-block-buttons\">\n<div class=\"wp-block-button\"><a class=\"wp-block-button__link\" href=\"https:\/\/linktr.ee\/fixxions\" target=\"_blank\" rel=\"noreferrer noopener\">ECOUTER FIXXIONS<\/a><\/div>\n<\/div>\n\n\n\n<figure class=\"wp-block-embed-youtube wp-block-embed is-type-video is-provider-youtube wp-embed-aspect-16-9 wp-has-aspect-ratio\"><div class=\"wp-block-embed__wrapper\">\n<div class=\"jetpack-video-wrapper\"><span class=\"embed-youtube\" style=\"text-align:center; display: block;\"><iframe class='youtube-player' type='text\/html' width='756' height='456' src='https:\/\/www.youtube.com\/embed\/x9TMVHiT2iA?version=3&#038;rel=1&#038;fs=1&#038;autohide=2&#038;showsearch=0&#038;showinfo=1&#038;iv_load_policy=1&#038;wmode=transparent' allowfullscreen='true' style='border:0;'><\/iframe><\/span><\/div>\n<\/div><\/figure>\n\n\n\n<p>Sortie de l&rsquo;album mai 2021 &#8211; Release may 2021<\/p>\n\n\n\n<figure class=\"wp-block-embed-youtube wp-block-embed is-type-video is-provider-youtube wp-embed-aspect-16-9 wp-has-aspect-ratio\"><div class=\"wp-block-embed__wrapper\">\n<div class=\"jetpack-video-wrapper\"><span class=\"embed-youtube\" style=\"text-align:center; display: block;\"><iframe class='youtube-player' type='text\/html' width='756' height='456' src='https:\/\/www.youtube.com\/embed\/XSHl5GX53GQ?version=3&#038;rel=1&#038;fs=1&#038;autohide=2&#038;showsearch=0&#038;showinfo=1&#038;iv_load_policy=1&#038;wmode=transparent' allowfullscreen='true' style='border:0;'><\/iframe><\/span><\/div>\n<\/div><\/figure>\n\n\n\n<p><\/p>\n\n\n\n<p><\/p>\n","protected":false},"excerpt":{"rendered":"<p>J&rsquo;ai bien observ\u00e9 comment cela se passait Quand le soleil est couch\u00e9 C&rsquo;est la mer qui s&rsquo;assombrit Le ciel conserve encore longtemps une grande clart\u00e9 La nuit monte de l&rsquo;eau et encercle lentement tout l&rsquo;horizon Puis le ciel s&rsquo;assombrit \u00e0 son tour avec lenteur Il &hellip; <a href=\"https:\/\/fixxions.com\/\" class=\"more-link\"><span>Continue reading<span class=\"screen-reader-text\"><\/span><\/span><\/a><\/p>\n","protected":false},"author":1,"featured_media":0,"parent":0,"menu_order":0,"comment_status":"closed","ping_status":"closed","template":"","meta":[],"_links":{"self":[{"href":"https:\/\/fixxions.com\/index.php?rest_route=\/wp\/v2\/pages\/19"}],"collection":[{"href":"https:\/\/fixxions.com\/index.php?rest_route=\/wp\/v2\/pages"}],"about":[{"href":"https:\/\/fixxions.com\/index.php?rest_route=\/wp\/v2\/types\/page"}],"author":[{"embeddable":true,"href":"https:\/\/fixxions.com\/index.php?rest_route=\/wp\/v2\/users\/1"}],"replies":[{"embeddable":true,"href":"https:\/\/fixxions.com\/index.php?rest_route=%2Fwp%2Fv2%2Fcomments&post=19"}],"version-history":[{"count":23,"href":"https:\/\/fixxions.com\/index.php?rest_route=\/wp\/v2\/pages\/19\/revisions"}],"predecessor-version":[{"id":246,"href":"https:\/\/fixxions.com\/index.php?rest_route=\/wp\/v2\/pages\/19\/revisions\/246"}],"wp:attachment":[{"href":"https:\/\/fixxions.com\/index.php?rest_route=%2Fwp%2Fv2%2Fmedia&parent=19"}],"curies":[{"name":"wp","href":"https:\/\/api.w.org\/{rel}","templated":true}]}}